{"id":6878,"date":"2026-03-25T20:46:12","date_gmt":"2026-03-26T02:46:12","guid":{"rendered":"https:\/\/benco.com.mx\/versfive\/?page_id=6878"},"modified":"2026-05-11T00:20:10","modified_gmt":"2026-05-11T05:20:10","slug":"marcas","status":"publish","type":"page","link":"https:\/\/benco.com.mx\/versfive\/marcas\/","title":{"rendered":"Marcas"},"content":{"rendered":"\t\t<div data-elementor-type=\"wp-page\" data-elementor-id=\"6878\" class=\"elementor elementor-6878\">\n\t\t\t\t<div class=\"elementor-element elementor-element-b2732cf e-flex e-con-boxed e-con e-parent\" data-id=\"b2732cf\" data-element_type=\"container\" data-e-type=\"container\" data-settings=\"{&quot;shape_divider_top&quot;:&quot;split&quot;}\">\n\t\t\t\t\t<div class=\"e-con-inner\">\n\t\t\t\t<div class=\"elementor-shape elementor-shape-top\" aria-hidden=\"true\" data-negative=\"false\">\n\t\t\t<svg xmlns=\"http:\/\/www.w3.org\/2000\/svg\" viewBox=\"0 0 1000 20\" preserveAspectRatio=\"none\">\n\t<path class=\"elementor-shape-fill\" d=\"M0,0v3c0,0,393.8,0,483.4,0c9.2,0,16.6,7.4,16.6,16.6c0-9.1,7.4-16.6,16.6-16.6C606.2,3,1000,3,1000,3V0H0z\"\/>\n<\/svg>\t\t<\/div>\n\t\t\t\t<div class=\"elementor-element elementor-element-42788c4 tj_section_align elementor-align-center elementor-widget elementor-widget-tj-title\" data-id=\"42788c4\" data-element_type=\"widget\" data-e-type=\"widget\" data-widget_type=\"tj-title.default\">\n\t\t\t\t<div class=\"elementor-widget-container\">\n\t\t\t\t\t\n<div class=\"sec-heading style-2\">\n\n      <span class=\"sub-title\">\n      benco - imisa    <\/span>\n  \n  <h2 class=\"sec-title\">Marcas que distribuimos<\/h2>\n      <div class=\"desc\">\n          <\/div>\n  <\/div>\n\n\t\t\t\t<\/div>\n\t\t\t\t<\/div>\n\t\t\t\t\t<\/div>\n\t\t\t\t<\/div>\n\t\t<div class=\"elementor-element elementor-element-6a95b21 e-flex e-con-boxed e-con e-parent\" data-id=\"6a95b21\" data-element_type=\"container\" data-e-type=\"container\" data-settings=\"{&quot;shape_divider_top&quot;:&quot;split&quot;}\">\n\t\t\t\t\t<div class=\"e-con-inner\">\n\t\t\t\t<div class=\"elementor-shape elementor-shape-top\" aria-hidden=\"true\" data-negative=\"false\">\n\t\t\t<svg xmlns=\"http:\/\/www.w3.org\/2000\/svg\" viewBox=\"0 0 1000 20\" preserveAspectRatio=\"none\">\n\t<path class=\"elementor-shape-fill\" d=\"M0,0v3c0,0,393.8,0,483.4,0c9.2,0,16.6,7.4,16.6,16.6c0-9.1,7.4-16.6,16.6-16.6C606.2,3,1000,3,1000,3V0H0z\"\/>\n<\/svg>\t\t<\/div>\n\t\t\t\t<div class=\"elementor-element elementor-element-53a2aa9 elementor-widget elementor-widget-spacer\" data-id=\"53a2aa9\" data-element_type=\"widget\" data-e-type=\"widget\" data-widget_type=\"spacer.default\">\n\t\t\t\t\t\t\t<div class=\"elementor-spacer\">\n\t\t\t<div class=\"elementor-spacer-inner\"><\/div>\n\t\t<\/div>\n\t\t\t\t\t\t<\/div>\n\t\t\t\t\t<\/div>\n\t\t\t\t<\/div>\n\t\t<div class=\"elementor-element elementor-element-b85d787 e-flex e-con-boxed e-con e-parent\" data-id=\"b85d787\" data-element_type=\"container\" data-e-type=\"container\">\n\t\t\t\t\t<div class=\"e-con-inner\">\n\t\t<div class=\"elementor-element elementor-element-02262cd e-con-full e-flex e-con e-child\" data-id=\"02262cd\" data-element_type=\"container\" data-e-type=\"container\">\n\t\t<div class=\"elementor-element elementor-element-21ef712 e-con-full e-flex e-con e-child\" data-id=\"21ef712\" data-element_type=\"container\" data-e-type=\"container\">\n\t\t\t\t<div class=\"elementor-element elementor-element-06fed9c elementor-widget elementor-widget-tj-image\" data-id=\"06fed9c\" data-element_type=\"widget\" data-e-type=\"widget\" data-widget_type=\"tj-image.default\">\n\t\t\t\t<div class=\"elementor-widget-container\">\n\t\t\t\t\t        <div class=\"tj-image hover:shine\">\n          <a class=\"tj_image\" href=\"https:\/\/benco.com.mx\/versfive\/marcas\/parason\/\" target=\"\" rel=\"\">\n                          <img decoding=\"async\" src=\"https:\/\/benco.com.mx\/versfive\/wp-content\/uploads\/2026\/03\/Parason-390.png\" alt=\"\">\n                      <\/a>\n        <\/div>\n      \t\t\t\t<\/div>\n\t\t\t\t<\/div>\n\t\t\t\t<div class=\"elementor-element elementor-element-5aeaa32 tj_image_align elementor-align-center elementor-widget elementor-widget-tj-image\" data-id=\"5aeaa32\" data-element_type=\"widget\" data-e-type=\"widget\" data-widget_type=\"tj-image.default\">\n\t\t\t\t<div class=\"elementor-widget-container\">\n\t\t\t\t\t        <div class=\"tj-image hover:shine\">\n          <a class=\"tj_image\" href=\"https:\/\/benco.com.mx\/versfive\/marcas\/parason\/\" target=\"\" rel=\"\">\n                          <img decoding=\"async\" src=\"https:\/\/benco.com.mx\/versfive\/wp-content\/uploads\/2026\/03\/CWT-Rotor.jpg\" alt=\"\">\n                      <\/a>\n        <\/div>\n      \t\t\t\t<\/div>\n\t\t\t\t<\/div>\n\t\t\t\t<div class=\"elementor-element elementor-element-271a8e2 elementor-widget elementor-widget-tj-text\" data-id=\"271a8e2\" data-element_type=\"widget\" data-e-type=\"widget\" data-widget_type=\"tj-text.default\">\n\t\t\t\t<div class=\"elementor-widget-container\">\n\t\t\t\t\t      <div class=\"editor_text\"><p>Discos de refinaci\u00f3n, Canastas para cribas, Platinas de extracci\u00f3n, Rotores y Conos para ciclones.<\/p><\/div>\n\t\t\t\t<\/div>\n\t\t\t\t<\/div>\n\t\t\t\t<\/div>\n\t\t<div class=\"elementor-element elementor-element-c4037fb e-con-full e-flex e-con e-child\" data-id=\"c4037fb\" data-element_type=\"container\" data-e-type=\"container\" data-settings=\"{&quot;background_background&quot;:&quot;classic&quot;}\">\n\t\t\t\t<div class=\"elementor-element elementor-element-5b57b38 tj_image_align elementor-align-center elementor-widget elementor-widget-tj-image\" data-id=\"5b57b38\" data-element_type=\"widget\" data-e-type=\"widget\" data-widget_type=\"tj-image.default\">\n\t\t\t\t<div class=\"elementor-widget-container\">\n\t\t\t\t\t        <div class=\"tj-image hover:shine\">\n          <a class=\"tj_image\" href=\"https:\/\/benco.com.mx\/versfive\/marcas\/kay-jay-rolls\/\" target=\"\" rel=\"\">\n                          <img decoding=\"async\" src=\"https:\/\/benco.com.mx\/versfive\/wp-content\/uploads\/2026\/03\/Kay-Jay-Rolls-390.png\" alt=\"\">\n                      <\/a>\n        <\/div>\n      \t\t\t\t<\/div>\n\t\t\t\t<\/div>\n\t\t\t\t<div class=\"elementor-element elementor-element-2406d75 tj_image_align elementor-align-center elementor-widget elementor-widget-tj-image\" data-id=\"2406d75\" data-element_type=\"widget\" data-e-type=\"widget\" data-widget_type=\"tj-image.default\">\n\t\t\t\t<div class=\"elementor-widget-container\">\n\t\t\t\t\t        <div class=\"tj-image hover:shine\">\n          <a class=\"tj_image\" href=\"https:\/\/benco.com.mx\/versfive\/marcas\/kay-jay-rolls\/\" target=\"\" rel=\"\">\n                          <img decoding=\"async\" src=\"https:\/\/benco.com.mx\/versfive\/wp-content\/uploads\/2026\/03\/rolls-for-rubberBanner.webp\" alt=\"\">\n                      <\/a>\n        <\/div>\n      \t\t\t\t<\/div>\n\t\t\t\t<\/div>\n\t\t\t\t<div class=\"elementor-element elementor-element-2ef09c4 elementor-widget elementor-widget-tj-text\" data-id=\"2ef09c4\" data-element_type=\"widget\" data-e-type=\"widget\" data-widget_type=\"tj-text.default\">\n\t\t\t\t<div class=\"elementor-widget-container\">\n\t\t\t\t\t      <div class=\"editor_text\"><p>Rodillos para la industria alimentaria, Rodillos hojueleadores, Rodillos quebradores y Rodillos lisos<\/p><\/div>\n\t\t\t\t<\/div>\n\t\t\t\t<\/div>\n\t\t\t\t<\/div>\n\t\t<div class=\"elementor-element elementor-element-00dd640 e-con-full e-flex e-con e-child\" data-id=\"00dd640\" data-element_type=\"container\" data-e-type=\"container\">\n\t\t\t\t<div class=\"elementor-element elementor-element-83c5289 elementor-widget elementor-widget-tj-image\" data-id=\"83c5289\" data-element_type=\"widget\" data-e-type=\"widget\" data-widget_type=\"tj-image.default\">\n\t\t\t\t<div class=\"elementor-widget-container\">\n\t\t\t\t\t        <div class=\"tj-image hover:shine\">\n          <a class=\"tj_image\" href=\"https:\/\/benco.com.mx\/versfive\/marcas\/irle-rolls\/\" target=\"\" rel=\"\">\n                          <img decoding=\"async\" src=\"https:\/\/benco.com.mx\/versfive\/wp-content\/uploads\/2026\/03\/Irle-Rolls-390.png\" alt=\"\">\n                      <\/a>\n        <\/div>\n      \t\t\t\t<\/div>\n\t\t\t\t<\/div>\n\t\t\t\t<div class=\"elementor-element elementor-element-1a8662c elementor-widget elementor-widget-tj-image\" data-id=\"1a8662c\" data-element_type=\"widget\" data-e-type=\"widget\" data-widget_type=\"tj-image.default\">\n\t\t\t\t<div class=\"elementor-widget-container\">\n\t\t\t\t\t        <div class=\"tj-image hover:shine\">\n          <a class=\"tj_image\" href=\"https:\/\/benco.com.mx\/versfive\/marcas\/irle-rolls\/\" target=\"\" rel=\"\">\n                          <img decoding=\"async\" src=\"https:\/\/benco.com.mx\/versfive\/wp-content\/uploads\/2026\/03\/Irle-Rolls-34.webp\" alt=\"\">\n                      <\/a>\n        <\/div>\n      \t\t\t\t<\/div>\n\t\t\t\t<\/div>\n\t\t\t\t<div class=\"elementor-element elementor-element-61e20c8 elementor-widget elementor-widget-tj-text\" data-id=\"61e20c8\" data-element_type=\"widget\" data-e-type=\"widget\" data-widget_type=\"tj-text.default\">\n\t\t\t\t<div class=\"elementor-widget-container\">\n\t\t\t\t\t      <div class=\"editor_text\"><p>Rodillos s\u00f3lidos para calandras de papel, Shells para rodillos, Rodillos t\u00e9rmicos para la industria del pl\u00e1stico, hule y caucho.\u00a0<\/p><\/div>\n\t\t\t\t<\/div>\n\t\t\t\t<\/div>\n\t\t\t\t<\/div>\n\t\t\t\t<\/div>\n\t\t\t\t\t<\/div>\n\t\t\t\t<\/div>\n\t\t<div class=\"elementor-element elementor-element-fdfca39 e-flex e-con-boxed e-con e-parent\" data-id=\"fdfca39\" data-element_type=\"container\" data-e-type=\"container\">\n\t\t\t\t\t<div class=\"e-con-inner\">\n\t\t<div class=\"elementor-element elementor-element-9528bdb e-con-full e-flex e-con e-child\" data-id=\"9528bdb\" data-element_type=\"container\" data-e-type=\"container\">\n\t\t<div class=\"elementor-element elementor-element-9793bae e-con-full e-flex e-con e-child\" data-id=\"9793bae\" data-element_type=\"container\" data-e-type=\"container\">\n\t\t\t\t<div class=\"elementor-element elementor-element-b9e7ca6 elementor-widget elementor-widget-tj-image\" data-id=\"b9e7ca6\" data-element_type=\"widget\" data-e-type=\"widget\" data-widget_type=\"tj-image.default\">\n\t\t\t\t<div class=\"elementor-widget-container\">\n\t\t\t\t\t        <div class=\"tj-image hover:shine\">\n          <a class=\"tj_image\" href=\"https:\/\/benco.com.mx\/versfive\/marcas\/kubota\/\" target=\"\" rel=\"\">\n                          <img decoding=\"async\" src=\"https:\/\/benco.com.mx\/versfive\/wp-content\/uploads\/2026\/03\/Kubota-390.png\" alt=\"\">\n                      <\/a>\n        <\/div>\n      \t\t\t\t<\/div>\n\t\t\t\t<\/div>\n\t\t\t\t<div class=\"elementor-element elementor-element-57c2246 elementor-widget elementor-widget-tj-image\" data-id=\"57c2246\" data-element_type=\"widget\" data-e-type=\"widget\" data-widget_type=\"tj-image.default\">\n\t\t\t\t<div class=\"elementor-widget-container\">\n\t\t\t\t\t        <div class=\"tj-image hover:shine\">\n          <a class=\"tj_image\" href=\"https:\/\/benco.com.mx\/versfive\/marcas\/kubota\/\" target=\"\" rel=\"\">\n                          <img decoding=\"async\" src=\"https:\/\/benco.com.mx\/versfive\/wp-content\/uploads\/2026\/03\/Kubota-34.webp\" alt=\"\">\n                      <\/a>\n        <\/div>\n      \t\t\t\t<\/div>\n\t\t\t\t<\/div>\n\t\t\t\t<div class=\"elementor-element elementor-element-3a46c72 elementor-widget elementor-widget-tj-text\" data-id=\"3a46c72\" data-element_type=\"widget\" data-e-type=\"widget\" data-widget_type=\"tj-text.default\">\n\t\t\t\t<div class=\"elementor-widget-container\">\n\t\t\t\t\t      <div class=\"editor_text\"><p>Fundiciones especiales y carretes centr\u00edfugos.<\/p><\/div>\n\t\t\t\t<\/div>\n\t\t\t\t<\/div>\n\t\t\t\t<\/div>\n\t\t<div class=\"elementor-element elementor-element-a3bd0f7 e-con-full e-flex e-con e-child\" data-id=\"a3bd0f7\" data-element_type=\"container\" data-e-type=\"container\">\n\t\t\t\t<div class=\"elementor-element elementor-element-077f3c3 tj_image_align elementor-align-center elementor-widget elementor-widget-tj-image\" data-id=\"077f3c3\" data-element_type=\"widget\" data-e-type=\"widget\" data-widget_type=\"tj-image.default\">\n\t\t\t\t<div class=\"elementor-widget-container\">\n\t\t\t\t\t        <div class=\"tj-image hover:shine\">\n          <a class=\"tj_image\" href=\"https:\/\/benco.com.mx\/versfive\/marcas\/paprima\/\" target=\"\" rel=\"\">\n                          <img decoding=\"async\" src=\"https:\/\/benco.com.mx\/versfive\/wp-content\/uploads\/2026\/03\/Paprima-390.png\" alt=\"\">\n                      <\/a>\n        <\/div>\n      \t\t\t\t<\/div>\n\t\t\t\t<\/div>\n\t\t\t\t<div class=\"elementor-element elementor-element-dfbb44e elementor-widget elementor-widget-tj-image\" data-id=\"dfbb44e\" data-element_type=\"widget\" data-e-type=\"widget\" data-widget_type=\"tj-image.default\">\n\t\t\t\t<div class=\"elementor-widget-container\">\n\t\t\t\t\t        <div class=\"tj-image hover:shine\">\n          <a class=\"tj_image\" href=\"https:\/\/benco.com.mx\/versfive\/marcas\/paprima\/\" target=\"\" rel=\"\">\n                          <img decoding=\"async\" src=\"https:\/\/benco.com.mx\/versfive\/wp-content\/uploads\/2026\/03\/paprima-34-scaled.webp\" alt=\"\">\n                      <\/a>\n        <\/div>\n      \t\t\t\t<\/div>\n\t\t\t\t<\/div>\n\t\t\t\t<div class=\"elementor-element elementor-element-a056f26 elementor-widget elementor-widget-tj-text\" data-id=\"a056f26\" data-element_type=\"widget\" data-e-type=\"widget\" data-widget_type=\"tj-text.default\">\n\t\t\t\t<div class=\"elementor-widget-container\">\n\t\t\t\t\t      <div class=\"editor_text\"><p>Sistemas de corte a base de chorro de agua y cambiadores autom\u00e1ticos de rollos.<\/p><\/div>\n\t\t\t\t<\/div>\n\t\t\t\t<\/div>\n\t\t\t\t<\/div>\n\t\t<div class=\"elementor-element elementor-element-a735afa e-con-full e-flex e-con e-child\" data-id=\"a735afa\" data-element_type=\"container\" data-e-type=\"container\">\n\t\t\t\t<div class=\"elementor-element elementor-element-8b7bfef elementor-widget elementor-widget-tj-image\" data-id=\"8b7bfef\" data-element_type=\"widget\" data-e-type=\"widget\" data-widget_type=\"tj-image.default\">\n\t\t\t\t<div class=\"elementor-widget-container\">\n\t\t\t\t\t        <div class=\"tj-image hover:shine\">\n          <a class=\"tj_image\" href=\"https:\/\/benco.com.mx\/versfive\/marcas\/cwt\/\" target=\"\" rel=\"\">\n                          <img decoding=\"async\" src=\"https:\/\/benco.com.mx\/versfive\/wp-content\/uploads\/2026\/03\/CWT-390.png\" alt=\"\">\n                      <\/a>\n        <\/div>\n      \t\t\t\t<\/div>\n\t\t\t\t<\/div>\n\t\t\t\t<div class=\"elementor-element elementor-element-1d52dee elementor-widget elementor-widget-tj-image\" data-id=\"1d52dee\" data-element_type=\"widget\" data-e-type=\"widget\" data-widget_type=\"tj-image.default\">\n\t\t\t\t<div class=\"elementor-widget-container\">\n\t\t\t\t\t        <div class=\"tj-image hover:shine\">\n          <a class=\"tj_image\" href=\"https:\/\/benco.com.mx\/versfive\/marcas\/cwt\/\" target=\"\" rel=\"\">\n                          <img decoding=\"async\" src=\"https:\/\/benco.com.mx\/versfive\/wp-content\/uploads\/2026\/03\/CWT.webp\" alt=\"\">\n                      <\/a>\n        <\/div>\n      \t\t\t\t<\/div>\n\t\t\t\t<\/div>\n\t\t\t\t<div class=\"elementor-element elementor-element-75b340e elementor-widget elementor-widget-tj-text\" data-id=\"75b340e\" data-element_type=\"widget\" data-e-type=\"widget\" data-widget_type=\"tj-text.default\">\n\t\t\t\t<div class=\"elementor-widget-container\">\n\t\t\t\t\t      <div class=\"editor_text\"><p>Matrices anulare para el proceso de producci\u00f3n de alimento para animales y paletas para molinos de martillo.<\/p><\/div>\n\t\t\t\t<\/div>\n\t\t\t\t<\/div>\n\t\t\t\t<\/div>\n\t\t\t\t<\/div>\n\t\t\t\t\t<\/div>\n\t\t\t\t<\/div>\n\t\t<div class=\"elementor-element elementor-element-15a4ba7 e-flex e-con-boxed e-con e-parent\" data-id=\"15a4ba7\" data-element_type=\"container\" data-e-type=\"container\">\n\t\t\t\t\t<div class=\"e-con-inner\">\n\t\t<div class=\"elementor-element elementor-element-8225d44 e-con-full e-flex e-con e-child\" data-id=\"8225d44\" data-element_type=\"container\" data-e-type=\"container\">\n\t\t<div class=\"elementor-element elementor-element-c0cfa71 e-con-full e-flex e-con e-child\" data-id=\"c0cfa71\" data-element_type=\"container\" data-e-type=\"container\">\n\t\t\t\t<div class=\"elementor-element elementor-element-b4db751 elementor-widget elementor-widget-tj-image\" data-id=\"b4db751\" data-element_type=\"widget\" data-e-type=\"widget\" data-widget_type=\"tj-image.default\">\n\t\t\t\t<div class=\"elementor-widget-container\">\n\t\t\t\t\t        <div class=\"tj-image hover:shine\">\n          <a class=\"tj_image\" href=\"https:\/\/benco.com.mx\/versfive\/marcas\/andritz\/\" target=\"\" rel=\"\">\n                          <img decoding=\"async\" src=\"https:\/\/benco.com.mx\/versfive\/wp-content\/uploads\/2026\/03\/Andritz-390.webp\" alt=\"\">\n                      <\/a>\n        <\/div>\n      \t\t\t\t<\/div>\n\t\t\t\t<\/div>\n\t\t\t\t<div class=\"elementor-element elementor-element-f7b5a20 tj_image_align elementor-align-center elementor-widget elementor-widget-tj-image\" data-id=\"f7b5a20\" data-element_type=\"widget\" data-e-type=\"widget\" data-widget_type=\"tj-image.default\">\n\t\t\t\t<div class=\"elementor-widget-container\">\n\t\t\t\t\t        <div class=\"tj-image hover:shine\">\n          <a class=\"tj_image\" href=\"https:\/\/benco.com.mx\/versfive\/marcas\/andritz\/\" target=\"\" rel=\"\">\n                          <img decoding=\"async\" src=\"https:\/\/benco.com.mx\/versfive\/wp-content\/uploads\/2026\/03\/Andritz-34.png\" alt=\"\">\n                      <\/a>\n        <\/div>\n      \t\t\t\t<\/div>\n\t\t\t\t<\/div>\n\t\t\t\t<div class=\"elementor-element elementor-element-7243b35 elementor-widget elementor-widget-tj-text\" data-id=\"7243b35\" data-element_type=\"widget\" data-e-type=\"widget\" data-widget_type=\"tj-text.default\">\n\t\t\t\t<div class=\"elementor-widget-container\">\n\t\t\t\t\t      <div class=\"editor_text\"><p>Bombas centr\u00edfugas, equipos nuevos para preparaci\u00f3n de pastas y manejo de lodos.<\/p><\/div>\n\t\t\t\t<\/div>\n\t\t\t\t<\/div>\n\t\t\t\t<\/div>\n\t\t<div class=\"elementor-element elementor-element-9eb0d7a e-con-full e-flex e-con e-child\" data-id=\"9eb0d7a\" data-element_type=\"container\" data-e-type=\"container\">\n\t\t\t\t<div class=\"elementor-element elementor-element-e9d35c7 tj_image_align elementor-align-center elementor-widget elementor-widget-tj-image\" data-id=\"e9d35c7\" data-element_type=\"widget\" data-e-type=\"widget\" data-widget_type=\"tj-image.default\">\n\t\t\t\t<div class=\"elementor-widget-container\">\n\t\t\t\t\t        <div class=\"tj-image hover:shine\">\n          <a class=\"tj_image\" href=\"https:\/\/benco.com.mx\/versfive\/quienes-somos-benco-imisa\/\" target=\"\" rel=\"\">\n                          <img decoding=\"async\" src=\"https:\/\/benco.com.mx\/versfive\/wp-content\/uploads\/2026\/03\/Benco-Imisa-390.webp\" alt=\"\">\n                      <\/a>\n        <\/div>\n      \t\t\t\t<\/div>\n\t\t\t\t<\/div>\n\t\t\t\t<div class=\"elementor-element elementor-element-a8fe06b tj_image_align elementor-align-center elementor-widget elementor-widget-tj-image\" data-id=\"a8fe06b\" data-element_type=\"widget\" data-e-type=\"widget\" data-widget_type=\"tj-image.default\">\n\t\t\t\t<div class=\"elementor-widget-container\">\n\t\t\t\t\t        <div class=\"tj-image hover:shine\">\n          <a class=\"tj_image\" href=\"https:\/\/benco.com.mx\/versfive\/quienes-somos-benco-imisa\/\" target=\"\" rel=\"\">\n                          <img decoding=\"async\" src=\"https:\/\/benco.com.mx\/versfive\/wp-content\/uploads\/2026\/03\/Imisa.jpg\" alt=\"\">\n                      <\/a>\n        <\/div>\n      \t\t\t\t<\/div>\n\t\t\t\t<\/div>\n\t\t\t\t<div class=\"elementor-element elementor-element-1180018 elementor-widget elementor-widget-tj-text\" data-id=\"1180018\" data-element_type=\"widget\" data-e-type=\"widget\" data-widget_type=\"tj-text.default\">\n\t\t\t\t<div class=\"elementor-widget-container\">\n\t\t\t\t\t      <div class=\"editor_text\"><p>Suministro de y fabricaci\u00f3n de maquinaria para la industria de pulpa, papel, pl\u00e1stico, caucho y alimentos en todos sus procesos.<\/p><\/div>\n\t\t\t\t<\/div>\n\t\t\t\t<\/div>\n\t\t\t\t<\/div>\n\t\t<div class=\"elementor-element elementor-element-29fa2e8 e-con-full e-flex e-con e-child\" data-id=\"29fa2e8\" data-element_type=\"container\" data-e-type=\"container\">\n\t\t\t\t<div class=\"elementor-element elementor-element-fe765ba elementor-widget elementor-widget-tj-feature\" data-id=\"fe765ba\" data-element_type=\"widget\" data-e-type=\"widget\" data-widget_type=\"tj-feature.default\">\n\t\t\t\t<div class=\"elementor-widget-container\">\n\t\t\t\t\t\n<div class=\"feature-item hover-bg feature-el-item\">\n  <!-- icon -->\n            <div class=\"feature-icon el-icon\">\n        <svg xmlns=\"http:\/\/www.w3.org\/2000\/svg\" xmlns:xlink=\"http:\/\/www.w3.org\/1999\/xlink\" xmlns:xodm=\"http:\/\/www.corel.com\/coreldraw\/odm\/2003\" xml:space=\"preserve\" width=\"3.048cm\" height=\"3.048cm\" style=\"shape-rendering:geometricPrecision; text-rendering:geometricPrecision; image-rendering:optimizeQuality; fill-rule:evenodd; clip-rule:evenodd\" viewBox=\"0 0 3048 3048\"> <defs> <style type=\"text\/css\"> .fil0 {fill:#0075FF} .fil1 {fill:#FEFEFE;fill-rule:nonzero} <\/style> <\/defs> <g id=\"Capa_x0020_1\"> <metadata id=\"CorelCorpID_0Corel-Layer\"><\/metadata> <circle class=\"fil0\" cx=\"1524\" cy=\"1524\" r=\"1524\"><\/circle> <path class=\"fil1\" d=\"M645.16 2376.17l0 -241.3 85.51 0c56.31,0 93.56,-6.77 111.34,-19.9 17.78,-13.12 26.67,-51.22 26.67,-113.87l0 -12.7 0 -930.49c0,-66.04 -8.47,-106.68 -24.98,-121.92 -16.51,-15.24 -55.03,-22.86 -115.14,-22.86l-83.4 0 0 -241.3 1026.16 0c222.25,0 385.66,32.17 489.37,96.94 103.72,64.35 155.79,165.53 155.79,303.96 0,94.4 -30.06,175.68 -90.59,244.26 -60.54,68.58 -147.75,121.5 -261.62,157.9 147.74,32.18 257.81,83.82 330.2,154.94 72.39,71.12 108.37,163.83 108.37,278.98 0,166.79 -58,286.6 -174.41,358.99 -116,72.39 -310.73,108.37 -584.63,108.37l-998.64 0zm784.86 -238.76l109.22 0c103.72,0 177.8,-21.59 222.67,-64.35 44.45,-43.18 66.89,-113.87 66.89,-212.51 0,-90.17 -23.71,-156.63 -70.7,-199.81 -47.41,-42.76 -121.07,-64.35 -220.98,-64.35l-107.1 0 0 541.02zm0 -764.54l93.13 0c90.6,0 156.21,-18.63 197.7,-56.3 41.49,-37.68 62.23,-96.52 62.23,-176.53 0,-79.59 -19.47,-136.32 -58,-170.61 -38.52,-34.29 -102.87,-51.22 -193.04,-51.22l-102.02 0 0 454.66z\"><\/path> <\/g> <\/svg>      <\/div>\n        \n      \n  <div class=\"feature-content\">\n          <h4 class=\"title el-title\">\n                  <a href=https:\/\/benco.com.mx\/versfive\/asesoria-personalizada-benco-imisa\/  >\n            Mas productos...          <\/a>\n              <\/h4>\n              <div class=\"desc\">\n        <br><br>\u00bfNecesita alg\u00fan producto  no listado en nuestra p\u00e1gina? No se preocupe. P\u00f3ngase en contacto con uno de nuestros asesores, seguramente le podremos ayudar.      <\/div>\n      <\/div>\n<\/div>\t\t\t\t<\/div>\n\t\t\t\t<\/div>\n\t\t\t\t<\/div>\n\t\t\t\t<\/div>\n\t\t\t\t\t<\/div>\n\t\t\t\t<\/div>\n\t\t\t\t<\/div>\n\t\t","protected":false},"excerpt":{"rendered":"<p>benco \u2013 imisa Marcas que distribuimos Discos de refinaci\u00f3n, Canastas para cribas, Platinas de extracci\u00f3n, Rotores y Conos para ciclones. Rodillos para la industria alimentaria, Rodillos hojueleadores, Rodillos quebradores y Rodillos lisos Rodillos s\u00f3lidos para calandras de papel, Shells para rodillos, Rodillos t\u00e9rmicos para la industria del pl\u00e1stico, hule y caucho.\u00a0 Fundiciones especiales y carretes [&hellip;]<\/p>\n","protected":false},"author":1,"featured_media":0,"parent":0,"menu_order":0,"comment_status":"closed","ping_status":"closed","template":"","meta":{"_acf_changed":false,"footnotes":""},"class_list":["post-6878","page","type-page","status-publish","hentry"],"acf":[],"aioseo_notices":[],"_links":{"self":[{"href":"https:\/\/benco.com.mx\/versfive\/wp-json\/wp\/v2\/pages\/6878","targetHints":{"allow":["GET"]}}],"collection":[{"href":"https:\/\/benco.com.mx\/versfive\/wp-json\/wp\/v2\/pages"}],"about":[{"href":"https:\/\/benco.com.mx\/versfive\/wp-json\/wp\/v2\/types\/page"}],"author":[{"embeddable":true,"href":"https:\/\/benco.com.mx\/versfive\/wp-json\/wp\/v2\/users\/1"}],"replies":[{"embeddable":true,"href":"https:\/\/benco.com.mx\/versfive\/wp-json\/wp\/v2\/comments?post=6878"}],"version-history":[{"count":14,"href":"https:\/\/benco.com.mx\/versfive\/wp-json\/wp\/v2\/pages\/6878\/revisions"}],"predecessor-version":[{"id":10754,"href":"https:\/\/benco.com.mx\/versfive\/wp-json\/wp\/v2\/pages\/6878\/revisions\/10754"}],"wp:attachment":[{"href":"https:\/\/benco.com.mx\/versfive\/wp-json\/wp\/v2\/media?parent=6878"}],"curies":[{"name":"wp","href":"https:\/\/api.w.org\/{rel}","templated":true}]}}