{"id":6869,"date":"2026-03-25T20:43:20","date_gmt":"2026-03-26T02:43:20","guid":{"rendered":"https:\/\/benco.com.mx\/versfive\/?page_id=6869"},"modified":"2026-04-04T22:12:38","modified_gmt":"2026-04-05T04:12:38","slug":"aviso-de-privacidad","status":"publish","type":"page","link":"https:\/\/benco.com.mx\/versfive\/aviso-de-privacidad\/","title":{"rendered":"Aviso de privacidad"},"content":{"rendered":"\t\t<div data-elementor-type=\"wp-page\" data-elementor-id=\"6869\" class=\"elementor elementor-6869\">\n\t\t\t\t<div class=\"elementor-element elementor-element-7592dff e-flex e-con-boxed e-con e-parent\" data-id=\"7592dff\" data-element_type=\"container\" data-e-type=\"container\">\n\t\t\t\t\t<div class=\"e-con-inner\">\n\t\t\t\t\t<\/div>\n\t\t\t\t<\/div>\n\t\t<div class=\"elementor-element elementor-element-61036ba e-flex e-con-boxed e-con e-parent\" data-id=\"61036ba\" data-element_type=\"container\" data-e-type=\"container\">\n\t\t\t\t\t<div class=\"e-con-inner\">\n\t\t\t\t<div class=\"elementor-element elementor-element-83aca6b tj_section_align elementor-align-center elementor-widget elementor-widget-tj-title\" data-id=\"83aca6b\" data-element_type=\"widget\" data-e-type=\"widget\" data-widget_type=\"tj-title.default\">\n\t\t\t\t<div class=\"elementor-widget-container\">\n\t\t\t\t\t\n<div class=\"sec-heading\">\n\n      <span class=\"sub-title\">\n      BENCO IMISA    <\/span>\n  \n  <h2 class=\"sec-title\">AVISO DE PRIVACIDAD<\/h2>\n      <div class=\"desc\">\n          <\/div>\n  <\/div>\n\n\t\t\t\t<\/div>\n\t\t\t\t<\/div>\n\t\t\t\t<div class=\"elementor-element elementor-element-d847b20 elementor-widget elementor-widget-tj-text\" data-id=\"d847b20\" data-element_type=\"widget\" data-e-type=\"widget\" data-widget_type=\"tj-text.default\">\n\t\t\t\t<div class=\"elementor-widget-container\">\n\t\t\t\t\t      <div class=\"editor_text\"><p>IMPLEMENTOS Y MAQUINARIA PARA LA INDUSTRIA S.A DE C.V, mejor conocido como BENCO, con domicilio en calle Av. Talism\u00e1n No. 58, colonia Estrella, ciudad D.F, municipio o delegaci\u00f3n Gustavo A Madero, cp. 07810, en la entidad de Ciudad de M\u00e9xico, pa\u00eds M\u00e9xico, y portal de internet www.benco-mex.com.mx, es el responsable del uso y protecci\u00f3n de sus datos personales, y al respecto le informamos lo siguiente:<\/p><p>\u00a0<\/p><p><strong>\u00bfPara qu\u00e9 fines utilizaremos sus datos personales?<\/strong><\/p><p>\u00a0<\/p><p>De manera adicional, utilizaremos su informaci\u00f3n personal para las siguientes finalidades secundarias que no son necesarias para el servicio solicitado, pero que nos permiten y facilitan brindarle una mejor atenci\u00f3n:<\/p><p>\u00a0<\/p><p>1.- Darlo de alta como cliente y\/o proveedor de la sociedad, formando un expediente del mismo.<br \/>2.- Dar seguimiento a sus comentarios y observaciones sobre las ofertas propuestas.<br \/>3.- Procesar sus solicitudes y por lo tanto administrar la relaci\u00f3n que quiere establecer o la ya establecida entre usted y la sociedad misma.<br \/>4.- Env\u00edo de publicidad sobre nuestros productos.<br \/>5.- Para dar seguimiento a solicitudes que usted o nosotros hayamos planteado, cualquiera que sea el motivo, tales como informaci\u00f3n de los servicios, cotizaciones, proyectos, compra de productos y otros an\u00e1logos.<br \/>6.- Para las finalidades administrativas de todas formas relacionadas con el desempe\u00f1o de las obligaciones contractuales relativas, para el desempe\u00f1o de las obligaciones de ley, como por ejemplo, las de tipo contable o fiscal.<\/p><p><br \/>En caso de que no desee que sus datos personales sean tratados para estos fines secundarios, desde este momento usted nos puede comunicar lo anterior a trav\u00e9s del siguiente mecanismo:<\/p><p>\u00a0<\/p><p>Mandando un correo electr\u00f3nico con una carta en la que se especifique los fines secundarios a tratar.<\/p><p>\u00a0<\/p><p>La negativa para el uso de sus datos personales para estas finalidades no podr\u00e1 ser un motivo para que le neguemos los servicios y productos que solicita o contrata con nosotros.<\/p><p>\u00a0<\/p><p><strong>\u00bfQu\u00e9 datos personales utilizaremos para estos fines?<\/strong><\/p><p>\u00a0<\/p><p>Para llevar a cabo las finalidades descritas en el presente aviso de privacidad, utilizaremos los siguientes datos personales:<\/p><p>\u00a0<\/p><p>- Nombre<br \/>- Registro Federal de Contribuyentes (RFC)<br \/>- Tel\u00e9fono celular<br \/>- Correo electr\u00f3nico<br \/>- Puesto o cargo que desempe\u00f1a<br \/>- Domicilio de trabajo<br \/>- Correo electr\u00f3nico institucional<br \/>- Tel\u00e9fono institucional<\/p><p><br \/><strong>\u00bfC\u00f3mo puede acceder, rectificar o cancelar sus datos personales, u oponerse a su uso?<\/strong><\/p><p>\u00a0<\/p><p>Usted tiene derecho a conocer qu\u00e9 datos personales tenemos de usted, para qu\u00e9 los utilizamos y las condiciones del uso que les damos (Acceso). Asimismo, es su derecho solicitar la correcci\u00f3n de su informaci\u00f3n personal en caso de que est\u00e9 desactualizada, sea inexacta o incompleta (Rectificaci\u00f3n); que la eliminemos de nuestros registros o bases de datos cuando considere que la misma no est\u00e1 siendo utilizada adecuadamente (Cancelaci\u00f3n); as\u00ed como oponerse al uso de sus datos personales para fines espec\u00edficos (Oposici\u00f3n). Estos derechos se conocen como derechos ARCO.<\/p><p>\u00a0<\/p><p>Para el ejercicio de cualquiera de los derechos ARCO, usted deber\u00e1 presentar la solicitud respectiva a trav\u00e9s del siguiente medio:<\/p><p>\u00a0<\/p><p>Comunicarse al tel\u00e9fono (55) 55776114 de la cd de M\u00e9xico, o enviando un correo electr\u00f3nico a ventas@benco.com.mx<\/p><p>\u00a0<\/p><p>Con relaci\u00f3n al procedimiento y requisitos para el ejercicio de sus derechos ARCO, le informamos lo siguiente:<\/p><p>\u00a0<\/p><p>a) \u00bfA trav\u00e9s de qu\u00e9 medios puede acreditar su identidad el titular y, en su caso, su representante, as\u00ed como la personalidad este \u00faltimo? Para el ejercicio de cualquiera de los derechos ARCO, usted deber\u00e1 presentar la solicitud, a trav\u00e9s de nuestra p\u00e1gina de internet o enviando un correo electr\u00f3nico a ventas@benco.com.mx<\/p><p>\u00a0<\/p><p>b) \u00bfQu\u00e9 informaci\u00f3n y\/o documentaci\u00f3n deber\u00e1 contener la solicitud? Nombre y domicilio completo, identificaci\u00f3n con la que acredite su personalidad (credencial para votar emitida por el Instituto Federal Electoral (IFE), pasaporte vigente, c\u00e9dula profesional o en caso de ser de nacionalidad extranjera, su documento migratorio vigente. Descripci\u00f3n clara y precisa de los datos personales respecto de los cuales busca ejercer alguno de los derechos ARCO, cual es el derecho a ejercer y las razones por las cuales desea ejercerlo. Cualquier documento o informaci\u00f3n que acredite que sus Datos se encuentran en propiedad de BENCO<\/p><p>\u00a0<\/p><p>c) \u00bfEn cu\u00e1ntos d\u00edas le daremos respuesta a su solicitud? Cinco d\u00edas h\u00e1biles<\/p><p>\u00a0<\/p><p>d) \u00bfPor qu\u00e9 medio le comunicaremos la respuesta a su solicitud? Se le avisar\u00e1 a trav\u00e9s de un correo electr\u00f3nico<\/p><p>\u00a0<\/p><p>e) \u00bfEn qu\u00e9 medios se pueden reproducir los datos personales que, en su caso, solicite? A trav\u00e9s de un correo electr\u00f3nico<\/p><p>\u00a0<\/p><p>f) Para mayor informaci\u00f3n sobre el procedimiento, ponemos a disposici\u00f3n los siguientes medios: www.benco-mex.com.mx<\/p><p>\u00a0<\/p><p>Los datos de contacto de la persona o departamento de datos personales, que est\u00e1 a cargo de dar tr\u00e1mite a las solicitudes de derechos ARCO, son los siguientes:<\/p><p>\u00a0<\/p><p>a) Nombre de la persona o departamento de datos personales: Karla Ju\u00e1rez Rodr\u00edguez<\/p><p>\u00a0<\/p><p>b) Domicilio: calle Av. Talism\u00e1n 58, colonia Estrella, ciudad D.F, municipio o delegaci\u00f3n Gustavo A Madero, cp. 07810, en la entidad de Ciudad de M\u00e9xico, pa\u00eds M\u00e9xico<\/p><p>\u00a0<\/p><p>c) Correo electr\u00f3nico: ventas@benco.com.mx<\/p><p>\u00a0<\/p><p>d) N\u00famero telef\u00f3nico: (55)55776114<\/p><p>\u00a0<\/p><p>e) Otro dato de contacto: (55)55773713<\/p><p>\u00a0<\/p><p><strong>Usted puede revocar su consentimiento para el uso de sus datos personales.<\/strong><\/p><p>\u00a0<\/p><p>Usted puede revocar el consentimiento que, en su caso, nos haya otorgado para el tratamiento de sus datos personales. Sin embargo, es importante que tenga en cuenta que no en todos los casos podremos atender su solicitud o concluir el uso de forma inmediata, ya que es posible que por alguna obligaci\u00f3n legal requiramos seguir tratando sus datos personales. Asimismo, usted deber\u00e1 considerar que para ciertos fines, la revocaci\u00f3n de su consentimiento implicar\u00e1 que no le podamos seguir prestando el servicio que nos solicit\u00f3, o la conclusi\u00f3n de su relaci\u00f3n con nosotros:<\/p><p>\u00a0<\/p><p>Para revocar su consentimiento es necesario que contacte a la encargada de la protecci\u00f3n de sus datos personales, donde le ser\u00e1 indicado el procedimiento que debe seguir<\/p><p>\u00a0<\/p><p><strong>\u00bfC\u00f3mo puede limitar el uso o divulgaci\u00f3n de su informaci\u00f3n personal?<\/strong><\/p><p>\u00a0<\/p><p>Con objeto de que usted pueda limitar el uso y divulgaci\u00f3n de su informaci\u00f3n personal, le ofrecemos los siguientes medios:<\/p><p>\u00a0<\/p><p>Favor de comunicarse a los tel\u00e9fonos antes mencionados.<\/p><p>\u00a0<\/p><p><strong>\u00bfC\u00f3mo puede conocer los cambios en este aviso de privacidad?<\/strong><\/p><p>\u00a0<\/p><p>El presente aviso de privacidad puede sufrir modificaciones, cambios o actualizaciones derivadas de nuevos requerimientos legales; de nuestras propias necesidades por los productos o servicios que ofrecemos; de nuestras pr\u00e1cticas de privacidad; de cambios en nuestro modelo de negocio, o por otras causas.<\/p><p>\u00a0<\/p><p>Nos comprometemos a mantenerlo informado sobre los cambios que pueda sufrir el presente aviso de privacidad, a trav\u00e9s de: los siguientes medios: p\u00e1gina de internet www.benco-mex.com.mx. En las instalaciones de IMPLEMENTOS Y MAQUINARIA PARA LA INDUSTRIA S.A DE C.V. O se las haremos llegar al \u00faltimo correo electr\u00f3nico que nos haya proporcionado.<\/p><p>\u00a0<\/p><p>El procedimiento a trav\u00e9s del cual se llevar\u00e1n a cabo las notificaciones sobre cambios o actualizaciones al presente aviso de privacidad es el siguiente:<\/p><p>\u00a0<\/p><p>Estas modificaciones estar\u00e1n disponibles al p\u00fablico a trav\u00e9s de los siguientes medios: P\u00e1gina de internet. En las instalaciones de BENCO. O se las haremos llegar al \u00faltimo correo electr\u00f3nico que nos haya proporcionado.<\/p><p>\u00a0<\/p><\/div>\n\t\t\t\t<\/div>\n\t\t\t\t<\/div>\n\t\t\t\t\t<\/div>\n\t\t\t\t<\/div>\n\t\t\t\t<\/div>\n\t\t","protected":false},"excerpt":{"rendered":"<p>BENCO IMISA AVISO DE PRIVACIDAD IMPLEMENTOS Y MAQUINARIA PARA LA INDUSTRIA S.A DE C.V, mejor conocido como BENCO, con domicilio en calle Av. Talism\u00e1n No. 58, colonia Estrella, ciudad D.F, municipio o delegaci\u00f3n Gustavo A Madero, cp. 07810, en la entidad de Ciudad de M\u00e9xico, pa\u00eds M\u00e9xico, y portal de internet www.benco-mex.com.mx, es el responsable [&hellip;]<\/p>\n","protected":false},"author":1,"featured_media":0,"parent":0,"menu_order":0,"comment_status":"closed","ping_status":"closed","template":"","meta":{"_acf_changed":false,"footnotes":""},"class_list":["post-6869","page","type-page","status-publish","hentry"],"acf":[],"aioseo_notices":[],"_links":{"self":[{"href":"https:\/\/benco.com.mx\/versfive\/wp-json\/wp\/v2\/pages\/6869","targetHints":{"allow":["GET"]}}],"collection":[{"href":"https:\/\/benco.com.mx\/versfive\/wp-json\/wp\/v2\/pages"}],"about":[{"href":"https:\/\/benco.com.mx\/versfive\/wp-json\/wp\/v2\/types\/page"}],"author":[{"embeddable":true,"href":"https:\/\/benco.com.mx\/versfive\/wp-json\/wp\/v2\/users\/1"}],"replies":[{"embeddable":true,"href":"https:\/\/benco.com.mx\/versfive\/wp-json\/wp\/v2\/comments?post=6869"}],"version-history":[{"count":25,"href":"https:\/\/benco.com.mx\/versfive\/wp-json\/wp\/v2\/pages\/6869\/revisions"}],"predecessor-version":[{"id":9202,"href":"https:\/\/benco.com.mx\/versfive\/wp-json\/wp\/v2\/pages\/6869\/revisions\/9202"}],"wp:attachment":[{"href":"https:\/\/benco.com.mx\/versfive\/wp-json\/wp\/v2\/media?parent=6869"}],"curies":[{"name":"wp","href":"https:\/\/api.w.org\/{rel}","templated":true}]}}