{"id":6585,"date":"2026-03-04T01:10:48","date_gmt":"2026-03-04T07:10:48","guid":{"rendered":"https:\/\/benco.com.mx\/versfive\/?page_id=6585"},"modified":"2026-05-11T21:50:50","modified_gmt":"2026-05-12T02:50:50","slug":"contacto-comuniquese-con-nosotros","status":"publish","type":"page","link":"https:\/\/benco.com.mx\/versfive\/contacto-comuniquese-con-nosotros\/","title":{"rendered":"Contacto &#8211; Comun\u00edquese con nosotros"},"content":{"rendered":"\t\t<div data-elementor-type=\"wp-page\" data-elementor-id=\"6585\" class=\"elementor elementor-6585\">\n\t\t\t\t<div class=\"elementor-element elementor-element-72bf1d3 e-flex e-con-boxed e-con e-parent\" data-id=\"72bf1d3\" data-element_type=\"container\" data-e-type=\"container\">\n\t\t\t\t\t<div class=\"e-con-inner\">\n\t\t<div class=\"elementor-element elementor-element-e54b433 e-flex e-con-boxed e-con e-child\" data-id=\"e54b433\" data-element_type=\"container\" data-e-type=\"container\">\n\t\t\t\t\t<div class=\"e-con-inner\">\n\t\t\t\t<div class=\"elementor-element elementor-element-be84765 tj_section_align elementor-align-center elementor-widget elementor-widget-tj-title\" data-id=\"be84765\" data-element_type=\"widget\" data-e-type=\"widget\" data-widget_type=\"tj-title.default\">\n\t\t\t\t<div class=\"elementor-widget-container\">\n\t\t\t\t\t\n<div class=\"sec-heading\">\n\n      <span data-wow-delay=\"0.1s\" class=\"sub-title wow fadeInUp\">\n      COMUN\u00cdQUESE CON NOSOTROS    <\/span>\n  \n  <h2 class=\"sec-title text-anim\">Nuestra informaci\u00f3n de contacto<\/h2>\n  <\/div>\n\n\t\t\t\t<\/div>\n\t\t\t\t<\/div>\n\t\t\t\t\t<\/div>\n\t\t\t\t<\/div>\n\t\t<div class=\"elementor-element elementor-element-253e10f e-flex e-con-boxed e-con e-child\" data-id=\"253e10f\" data-element_type=\"container\" data-e-type=\"container\">\n\t\t\t\t\t<div class=\"e-con-inner\">\n\t\t<div class=\"elementor-element elementor-element-a0f75c7 e-grid e-con-boxed e-con e-child\" data-id=\"a0f75c7\" data-element_type=\"container\" data-e-type=\"container\">\n\t\t\t\t\t<div class=\"e-con-inner\">\n\t\t\t\t<div class=\"elementor-element elementor-element-a40100a elementor-widget elementor-widget-tj-contact-info\" data-id=\"a40100a\" data-element_type=\"widget\" data-e-type=\"widget\" data-widget_type=\"tj-contact-info.default\">\n\t\t\t\t<div class=\"elementor-widget-container\">\n\t\t\t\t\t\n<div data-wow-delay=\"0.1s\" class=\"contact-item style-2 wow fadeInUp\">\n            <div class=\"contact-icon\">\n            <i aria-hidden=\"true\" class=\"tj tji-email theme-junction-icons\"><\/i>        <\/div>\n                <h3 class=\"contact-title\">Correo electr\u00f3nico<\/h3>\n        <ul class=\"contact-list\">\n                    <li class=\"\">\n                                                                            <a href=\"mailto:soporte@benco.com.mx\">\n                            soporte@benco.com.mx                        <\/a>\n                                                <\/li>\n                    <li class=\"\">\n                                                                            <a href=\"mailto:ventas@benco.com.mx\">\n                            ventas@benco.com.mx                        <\/a>\n                                                <\/li>\n            <\/ul>\n<\/div>\n\n\t\t\t\t<\/div>\n\t\t\t\t<\/div>\n\t\t\t\t<div class=\"elementor-element elementor-element-addf221 elementor-widget elementor-widget-tj-contact-info\" data-id=\"addf221\" data-element_type=\"widget\" data-e-type=\"widget\" data-widget_type=\"tj-contact-info.default\">\n\t\t\t\t<div class=\"elementor-widget-container\">\n\t\t\t\t\t\n<div data-wow-delay=\"0.3s\" class=\"contact-item style-2 wow fadeInUp\">\n            <div class=\"contact-icon\">\n            <i aria-hidden=\"true\" class=\"tj tji-phone theme-junction-icons\"><\/i>        <\/div>\n                <h3 class=\"contact-title\">Tel\u00e9fonos<\/h3>\n        <ul class=\"contact-list\">\n                    <li class=\"\">\n                                                                            <a href=\"tel:525555773713\">\n                            +52.55.5577.3713                        <\/a>\n                                                <\/li>\n                    <li class=\"\">\n                                                                            <a href=\"5255776114\">\n                            +52.55.5577.6114                        <\/a>\n                                                <\/li>\n            <\/ul>\n<\/div>\n\n\t\t\t\t<\/div>\n\t\t\t\t<\/div>\n\t\t\t\t<div class=\"elementor-element elementor-element-e1e67dc elementor-widget elementor-widget-tj-contact-info\" data-id=\"e1e67dc\" data-element_type=\"widget\" data-e-type=\"widget\" data-widget_type=\"tj-contact-info.default\">\n\t\t\t\t<div class=\"elementor-widget-container\">\n\t\t\t\t\t\n<div data-wow-delay=\"0.3s\" class=\"contact-item style-2 wow fadeInUp\">\n            <div class=\"contact-icon\">\n            <i aria-hidden=\"true\" class=\"tj tji-location theme-junction-icons\"><\/i>        <\/div>\n                <h3 class=\"contact-title\">Nuestra ubicaci\u00f3n<\/h3>\n        <ul class=\"contact-list\">\n                    <li class=\"\">\n                                                                            <p>Av. Talism\u00e1n N. 58, Col. Estrella, GAM, CDMX. C.P. 07810<\/p>\n                                                <\/li>\n            <\/ul>\n<\/div>\n\n\t\t\t\t<\/div>\n\t\t\t\t<\/div>\n\t\t\t\t<div class=\"elementor-element elementor-element-a26ec8e elementor-widget elementor-widget-tj-contact-info\" data-id=\"a26ec8e\" data-element_type=\"widget\" data-e-type=\"widget\" data-widget_type=\"tj-contact-info.default\">\n\t\t\t\t<div class=\"elementor-widget-container\">\n\t\t\t\t\t\n<div data-wow-delay=\"0.3s\" class=\"contact-item style-2 wow fadeInUp\">\n            <div class=\"contact-icon\">\n            <i aria-hidden=\"true\" class=\"tj tji-chat theme-junction-icons\"><\/i>        <\/div>\n                <h3 class=\"contact-title\">Soporte en l\u00ednea<\/h3>\n        <ul class=\"contact-list\">\n                    <li class=\"\">\n                                                                            <a href=\"#\">\n                            livechat pr\u00f3ximamente                        <\/a>\n                                                <\/li>\n                    <li class=\"active\">\n                                                                            <a href=\"\/contact\/\">\n                            Necesita ayuda?                        <\/a>\n                                                <\/li>\n            <\/ul>\n<\/div>\n\n\t\t\t\t<\/div>\n\t\t\t\t<\/div>\n\t\t\t\t\t<\/div>\n\t\t\t\t<\/div>\n\t\t\t\t\t<\/div>\n\t\t\t\t<\/div>\n\t\t\t\t\t<\/div>\n\t\t\t\t<\/div>\n\t\t<div class=\"elementor-element elementor-element-6971d3c section-bottom-space e-flex e-con-boxed e-con e-parent\" data-id=\"6971d3c\" data-element_type=\"container\" data-e-type=\"container\">\n\t\t\t\t\t<div class=\"e-con-inner\">\n\t\t<div class=\"elementor-element elementor-element-26eedb5 e-grid e-con-full e-con e-child\" data-id=\"26eedb5\" data-element_type=\"container\" data-e-type=\"container\">\n\t\t\t\t<div class=\"elementor-element elementor-element-d4b2ae5 elementor-widget elementor-widget-tj-form\" data-id=\"d4b2ae5\" data-element_type=\"widget\" data-e-type=\"widget\" data-widget_type=\"tj-form.default\">\n\t\t\t\t<div class=\"elementor-widget-container\">\n\t\t\t\t\t\n<div data-wow-delay=\"0.1s\" class=\"tj-form contact-form-one style-2 wow fadeInUp\">\n      <h3 class=\"title\">No dude en <span>contactarnos<\/span> o en solicitar una visita t\u00e9cnica.<\/h3>\n  \n      \n<div class=\"wpcf7 no-js\" id=\"wpcf7-f893-o1\" lang=\"en-US\" dir=\"ltr\" data-wpcf7-id=\"893\">\n<div class=\"screen-reader-response\"><p role=\"status\" aria-live=\"polite\" aria-atomic=\"true\"><\/p> <ul><\/ul><\/div>\n<form action=\"\/versfive\/wp-json\/wp\/v2\/pages\/6585#wpcf7-f893-o1\" method=\"post\" class=\"wpcf7-form init\" aria-label=\"Contact form\" novalidate=\"novalidate\" data-status=\"init\">\n<fieldset class=\"hidden-fields-container\"><input type=\"hidden\" name=\"_wpcf7\" value=\"893\" \/><input type=\"hidden\" name=\"_wpcf7_version\" value=\"6.1.5\" \/><input type=\"hidden\" name=\"_wpcf7_locale\" value=\"en_US\" \/><input type=\"hidden\" name=\"_wpcf7_unit_tag\" value=\"wpcf7-f893-o1\" \/><input type=\"hidden\" name=\"_wpcf7_container_post\" value=\"0\" \/><input type=\"hidden\" name=\"_wpcf7_posted_data_hash\" value=\"\" \/>\n<\/fieldset>\n<div class=\"row\">\n  <div class=\"col-sm-6\">\n    <div class=\"form-input\">\n      <span class=\"wpcf7-form-control-wrap\" data-name=\"sv_name\"><input size=\"40\" maxlength=\"400\" class=\"wpcf7-form-control wpcf7-text\" aria-invalid=\"false\" placeholder=\"Nombre completo\" value=\"\" type=\"text\" name=\"sv_name\" \/><\/span>\n    <\/div>\n  <\/div>\n  <div class=\"col-sm-6\">\n    <div class=\"form-input\">\n      <span class=\"wpcf7-form-control-wrap\" data-name=\"sv_email\"><input size=\"40\" maxlength=\"400\" class=\"wpcf7-form-control wpcf7-email wpcf7-text wpcf7-validates-as-email\" aria-invalid=\"false\" placeholder=\"Correo electr\u00f3nico\" value=\"\" type=\"email\" name=\"sv_email\" \/><\/span>\n    <\/div>\n  <\/div>\n  <div class=\"col-sm-6\">\n    <div class=\"form-input\">\n      <span class=\"wpcf7-form-control-wrap\" data-name=\"sv_phone\"><input size=\"40\" maxlength=\"400\" class=\"wpcf7-form-control wpcf7-tel wpcf7-text wpcf7-validates-as-tel\" aria-invalid=\"false\" placeholder=\"Tel\u00e9fono\" value=\"\" type=\"tel\" name=\"sv_phone\" \/><\/span>\n    <\/div>\n  <\/div>\n  <div class=\"col-sm-6\">\n    <div class=\"form-input\">\n      <div class=\"tj-nice-select-box\">\n        <div class=\"tj-select\">\n          <span class=\"wpcf7-form-control-wrap\" data-name=\"sv_select\"><select class=\"wpcf7-form-control wpcf7-select nice-select\" aria-invalid=\"false\" name=\"sv_select\"><option value=\"Seleccione una opci\u00f3n\">Seleccione una opci\u00f3n<\/option><option value=\"Asesor\u00eda\">Asesor\u00eda<\/option><option value=\"Reparaci\u00f3n\">Reparaci\u00f3n<\/option><option value=\"Refacciones\">Refacciones<\/option><option value=\"Desarrollo y fabricaci\u00f3n\">Desarrollo y fabricaci\u00f3n<\/option><option value=\"Otro...\">Otro...<\/option><\/select><\/span>\n        <\/div>\n      <\/div>\n    <\/div>\n  <\/div>\n  <div class=\"col-12\">\n    <div class=\"form-input input-textarea\">\n      <span class=\"wpcf7-form-control-wrap\" data-name=\"sv_message\"><textarea cols=\"40\" rows=\"10\" maxlength=\"2000\" class=\"wpcf7-form-control wpcf7-textarea\" aria-invalid=\"false\" placeholder=\"Mensaje\" name=\"sv_message\"><\/textarea><\/span>\n    <\/div>\n  <\/div>\n  <div class=\"submit-button\">\n    <button type=\"submit\" class=\"tj-primary-btn\">\n      <span class=\"btn_inner\">\n        <span class=\"btn_icon\">\n          <span>\n            <i class=\"tji-arrow-right\"><\/i>\n            <i class=\"tji-arrow-right\"><\/i>\n          <\/span>\n        <\/span>\n        <span class=\"btn_text\">\n          <span>Enviar<\/span>\n        <\/span>\n      <\/span>\n    <\/button>\n  <\/div>\n<\/div><div class=\"wpcf7-response-output\" aria-hidden=\"true\"><\/div>\n<\/form>\n<\/div>\n  <\/div>\n\n\t\t\t\t<\/div>\n\t\t\t\t<\/div>\n\t\t\t\t<div class=\"elementor-element elementor-element-cc7013b elementor-widget elementor-widget-google_maps\" data-id=\"cc7013b\" data-element_type=\"widget\" data-e-type=\"widget\" data-widget_type=\"google_maps.default\">\n\t\t\t\t\t\t\t<div class=\"elementor-custom-embed\">\n\t\t\t<iframe loading=\"lazy\"\n\t\t\t\t\tsrc=\"https:\/\/maps.google.com\/maps?q=Benco%20Av.%20Talisman%20N.%2058%20Col.%20Estrella&t=m&z=15&output=embed&iwloc=near\"\n\t\t\t\t\ttitle=\"Benco Av. Talisman N. 58 Col. Estrella\"\n\t\t\t\t\taria-label=\"Benco Av. Talisman N. 58 Col. Estrella\"\n\t\t\t><\/iframe>\n\t\t<\/div>\n\t\t\t\t\t\t<\/div>\n\t\t\t\t<\/div>\n\t\t\t\t\t<\/div>\n\t\t\t\t<\/div>\n\t\t<div class=\"elementor-element elementor-element-80c1111 e-flex e-con-boxed e-con e-parent\" data-id=\"80c1111\" data-element_type=\"container\" data-e-type=\"container\">\n\t\t\t\t\t<div class=\"e-con-inner\">\n\t\t\t\t\t<\/div>\n\t\t\t\t<\/div>\n\t\t\t\t<\/div>\n\t\t","protected":false},"excerpt":{"rendered":"<p>COMUN\u00cdQUESE CON NOSOTROS Nuestra informaci\u00f3n de contacto Correo electr\u00f3nico soporte@benco.com.mx ventas@benco.com.mx Tel\u00e9fonos +52.55.5577.3713 +52.55.5577.6114 Nuestra ubicaci\u00f3n Av. Talism\u00e1n N. 58, Col. Estrella, GAM, CDMX. C.P. 07810 Soporte en l\u00ednea livechat pr\u00f3ximamente Necesita ayuda? No dude en contactarnos o en solicitar una visita t\u00e9cnica. Seleccione una opci\u00f3nAsesor\u00edaReparaci\u00f3nRefaccionesDesarrollo y fabricaci\u00f3nOtro\u2026 Enviar<\/p>\n","protected":false},"author":1,"featured_media":0,"parent":0,"menu_order":0,"comment_status":"closed","ping_status":"closed","template":"elementor_header_footer","meta":{"_acf_changed":false,"footnotes":""},"class_list":["post-6585","page","type-page","status-publish","hentry"],"acf":[],"aioseo_notices":[],"_links":{"self":[{"href":"https:\/\/benco.com.mx\/versfive\/wp-json\/wp\/v2\/pages\/6585","targetHints":{"allow":["GET"]}}],"collection":[{"href":"https:\/\/benco.com.mx\/versfive\/wp-json\/wp\/v2\/pages"}],"about":[{"href":"https:\/\/benco.com.mx\/versfive\/wp-json\/wp\/v2\/types\/page"}],"author":[{"embeddable":true,"href":"https:\/\/benco.com.mx\/versfive\/wp-json\/wp\/v2\/users\/1"}],"replies":[{"embeddable":true,"href":"https:\/\/benco.com.mx\/versfive\/wp-json\/wp\/v2\/comments?post=6585"}],"version-history":[{"count":64,"href":"https:\/\/benco.com.mx\/versfive\/wp-json\/wp\/v2\/pages\/6585\/revisions"}],"predecessor-version":[{"id":10876,"href":"https:\/\/benco.com.mx\/versfive\/wp-json\/wp\/v2\/pages\/6585\/revisions\/10876"}],"wp:attachment":[{"href":"https:\/\/benco.com.mx\/versfive\/wp-json\/wp\/v2\/media?parent=6585"}],"curies":[{"name":"wp","href":"https:\/\/api.w.org\/{rel}","templated":true}]}}